{"id":44,"date":"2023-05-29T08:42:02","date_gmt":"2023-05-29T08:42:02","guid":{"rendered":"https:\/\/hugo-cuffaro.be\/?page_id=44"},"modified":"2023-10-29T16:38:06","modified_gmt":"2023-10-29T16:38:06","slug":"location-de-container","status":"publish","type":"page","link":"https:\/\/hugo-cuffaro.be\/?page_id=44","title":{"rendered":"Location de container"},"content":{"rendered":"\t\t<div data-elementor-type=\"wp-page\" data-elementor-id=\"44\" class=\"elementor elementor-44\">\n\t\t\t\t\t\t\t<div class=\"elementor-element elementor-element-4071068 e-flex e-con-boxed e-con e-parent\" data-id=\"4071068\" data-element_type=\"container\" data-settings=\"{&quot;content_width&quot;:&quot;boxed&quot;}\" data-core-v316-plus=\"true\">\n\t\t\t\t\t<div class=\"e-con-inner\">\n\t\t\t\t<div class=\"elementor-element elementor-element-7f83d40 elementor-widget elementor-widget-heading\" data-id=\"7f83d40\" data-element_type=\"widget\" data-widget_type=\"heading.default\">\n\t\t\t\t<div class=\"elementor-widget-container\">\n\t\t\t<style>\/*! elementor - v3.16.0 - 12-09-2023 *\/\n.elementor-heading-title{padding:0;margin:0;line-height:1}.elementor-widget-heading .elementor-heading-title[class*=elementor-size-]>a{color:inherit;font-size:inherit;line-height:inherit}.elementor-widget-heading .elementor-heading-title.elementor-size-small{font-size:15px}.elementor-widget-heading .elementor-heading-title.elementor-size-medium{font-size:19px}.elementor-widget-heading .elementor-heading-title.elementor-size-large{font-size:29px}.elementor-widget-heading .elementor-heading-title.elementor-size-xl{font-size:39px}.elementor-widget-heading .elementor-heading-title.elementor-size-xxl{font-size:59px}<\/style><h2 class=\"elementor-heading-title elementor-size-default\">Location de container dans toute la Wallonie<\/h2>\t\t<\/div>\n\t\t\t\t<\/div>\n\t\t\t\t<div class=\"elementor-element elementor-element-4590d88 elementor-widget elementor-widget-text-editor\" data-id=\"4590d88\" data-element_type=\"widget\" data-widget_type=\"text-editor.default\">\n\t\t\t\t<div class=\"elementor-widget-container\">\n\t\t\t<style>\/*! elementor - v3.16.0 - 12-09-2023 *\/\n.elementor-widget-text-editor.elementor-drop-cap-view-stacked .elementor-drop-cap{background-color:#69727d;color:#fff}.elementor-widget-text-editor.elementor-drop-cap-view-framed .elementor-drop-cap{color:#69727d;border:3px solid;background-color:transparent}.elementor-widget-text-editor:not(.elementor-drop-cap-view-default) .elementor-drop-cap{margin-top:8px}.elementor-widget-text-editor:not(.elementor-drop-cap-view-default) .elementor-drop-cap-letter{width:1em;height:1em}.elementor-widget-text-editor .elementor-drop-cap{float:left;text-align:center;line-height:1;font-size:50px}.elementor-widget-text-editor .elementor-drop-cap-letter{display:inline-block}<\/style>\t\t\t\t<div class=\"top_pageint cont_banner\"><div class=\"wrapper_small\"><div class=\"content\"><h4 class=\"titre_page animate fade_up delay-300 play\">Vous souhaitez pouvoir louer un container ? En faisant appel \u00e0 Hugo Cuffaro, vous faites appel \u00e0 un professionnel du secteur. Nous mettons plusieurs types de containers \u00e0 votre disposition \u00e0 des prix tr\u00e8s attractifs. Et ce, pour de nombreuses utilisations\u00a0!\u00a0<\/h4><\/div><\/div><\/div><div class=\"wrapper\"><div class=\"bloc_grid bloc_top\">\u00a0<\/div><\/div>\t\t\t\t\t\t<\/div>\n\t\t\t\t<\/div>\n\t\t\t\t\t<\/div>\n\t\t\t\t<\/div>\n\t\t<div class=\"elementor-element elementor-element-f3715ed e-flex e-con-boxed e-con e-parent\" data-id=\"f3715ed\" data-element_type=\"container\" data-settings=\"{&quot;content_width&quot;:&quot;boxed&quot;}\" data-core-v316-plus=\"true\">\n\t\t\t\t\t<div class=\"e-con-inner\">\n\t\t\t\t<div class=\"elementor-element elementor-element-dd86369 elementor-widget elementor-widget-heading\" data-id=\"dd86369\" data-element_type=\"widget\" data-widget_type=\"heading.default\">\n\t\t\t\t<div class=\"elementor-widget-container\">\n\t\t\t<h2 class=\"elementor-heading-title elementor-size-default\">Des containers s\u00fbr-mesure<\/h2>\t\t<\/div>\n\t\t\t\t<\/div>\n\t\t\t\t\t<\/div>\n\t\t\t\t<\/div>\n\t\t<div class=\"elementor-element elementor-element-1af49e7 e-flex e-con-boxed e-con e-parent\" data-id=\"1af49e7\" data-element_type=\"container\" data-settings=\"{&quot;content_width&quot;:&quot;boxed&quot;}\" data-core-v316-plus=\"true\">\n\t\t\t\t\t<div class=\"e-con-inner\">\n\t\t<div class=\"elementor-element elementor-element-6d800a4 e-con-full e-flex e-con e-child\" data-id=\"6d800a4\" data-element_type=\"container\" data-settings=\"{&quot;content_width&quot;:&quot;full&quot;}\">\n\t\t\t\t<div class=\"elementor-element elementor-element-aa9475b elementor-widget elementor-widget-image\" data-id=\"aa9475b\" data-element_type=\"widget\" data-widget_type=\"image.default\">\n\t\t\t\t<div class=\"elementor-widget-container\">\n\t\t\t<style>\/*! elementor - v3.16.0 - 12-09-2023 *\/\n.elementor-widget-image{text-align:center}.elementor-widget-image a{display:inline-block}.elementor-widget-image a img[src$=\".svg\"]{width:48px}.elementor-widget-image img{vertical-align:middle;display:inline-block}<\/style>\t\t\t\t\t\t\t\t\t\t\t\t<img loading=\"lazy\" decoding=\"async\" width=\"1024\" height=\"682\" src=\"https:\/\/hugo-cuffaro.be\/wp-content\/uploads\/2023\/10\/containersysteem-MULTILIFT_IMG_9409-1024x682.jpeg\" class=\"attachment-large size-large wp-image-312\" alt=\"\" srcset=\"https:\/\/hugo-cuffaro.be\/wp-content\/uploads\/2023\/10\/containersysteem-MULTILIFT_IMG_9409-1024x682.jpeg 1024w, https:\/\/hugo-cuffaro.be\/wp-content\/uploads\/2023\/10\/containersysteem-MULTILIFT_IMG_9409-300x200.jpeg 300w, https:\/\/hugo-cuffaro.be\/wp-content\/uploads\/2023\/10\/containersysteem-MULTILIFT_IMG_9409-768x512.jpeg 768w, https:\/\/hugo-cuffaro.be\/wp-content\/uploads\/2023\/10\/containersysteem-MULTILIFT_IMG_9409-1536x1024.jpeg 1536w, https:\/\/hugo-cuffaro.be\/wp-content\/uploads\/2023\/10\/containersysteem-MULTILIFT_IMG_9409-1620x1080.jpeg 1620w, https:\/\/hugo-cuffaro.be\/wp-content\/uploads\/2023\/10\/containersysteem-MULTILIFT_IMG_9409.jpeg 2000w\" sizes=\"(max-width: 1024px) 100vw, 1024px\" \/>\t\t\t\t\t\t\t\t\t\t\t\t\t\t\t<\/div>\n\t\t\t\t<\/div>\n\t\t\t\t<\/div>\n\t\t<div class=\"elementor-element elementor-element-7b7eca1 e-con-full e-flex e-con e-child\" data-id=\"7b7eca1\" data-element_type=\"container\" data-settings=\"{&quot;content_width&quot;:&quot;full&quot;}\">\n\t\t\t\t<div class=\"elementor-element elementor-element-4752f29 elementor-widget elementor-widget-text-editor\" data-id=\"4752f29\" data-element_type=\"widget\" data-widget_type=\"text-editor.default\">\n\t\t\t\t<div class=\"elementor-widget-container\">\n\t\t\t\t\t\t\t<h4><span style=\"color: var( --e-global-color-text ); font-family: var( --e-global-typography-text-font-family ), Sans-serif; font-weight: var( --e-global-typography-text-font-weight ); text-align: var(--text-align); font-size: 16px;\">Nous vous proposons une large s\u00e9lection de containers de diff\u00e9rentes tailles et formes pour r\u00e9pondre \u00e0 chaque besoin sp\u00e9cifique. Les tailles et volumes sont les suivants\u00a0:<\/span><\/h4><ul class=\"ul_list ul_list2 fade_up delay-500\"><li><h4>8 m\u00b3<\/h4><\/li><li><h4>10 m\u00b3<\/h4><\/li><li><h4>20 m\u00b3<\/h4><\/li><li><h4>30 m\u00b3<\/h4><\/li><\/ul>\t\t\t\t\t\t<\/div>\n\t\t\t\t<\/div>\n\t\t\t\t<\/div>\n\t\t\t\t\t<\/div>\n\t\t\t\t<\/div>\n\t\t<div class=\"elementor-element elementor-element-3165bbe e-flex e-con-boxed e-con e-parent\" data-id=\"3165bbe\" data-element_type=\"container\" data-settings=\"{&quot;content_width&quot;:&quot;boxed&quot;}\" data-core-v316-plus=\"true\">\n\t\t\t\t\t<div class=\"e-con-inner\">\n\t\t\t\t\t<\/div>\n\t\t\t\t<\/div>\n\t\t\t\t\t\t\t<\/div>\n\t\t","protected":false},"excerpt":{"rendered":"<p>Location de container dans toute la Wallonie Vous souhaitez pouvoir louer un container ? En faisant appel \u00e0 Hugo Cuffaro, vous faites appel \u00e0 un professionnel du secteur. Nous mettons plusieurs types de containers \u00e0 votre disposition \u00e0 des prix tr\u00e8s attractifs. Et ce, pour de nombreuses utilisations\u00a0!\u00a0 \u00a0 Des containers s\u00fbr-mesure Nous vous proposons&hellip; <br \/> <a class=\"read-more\" href=\"https:\/\/hugo-cuffaro.be\/?page_id=44\">Read more<\/a><\/p>\n","protected":false},"author":1,"featured_media":0,"parent":0,"menu_order":0,"comment_status":"closed","ping_status":"closed","template":"","meta":{"footnotes":""},"_links":{"self":[{"href":"https:\/\/hugo-cuffaro.be\/index.php?rest_route=\/wp\/v2\/pages\/44"}],"collection":[{"href":"https:\/\/hugo-cuffaro.be\/index.php?rest_route=\/wp\/v2\/pages"}],"about":[{"href":"https:\/\/hugo-cuffaro.be\/index.php?rest_route=\/wp\/v2\/types\/page"}],"author":[{"embeddable":true,"href":"https:\/\/hugo-cuffaro.be\/index.php?rest_route=\/wp\/v2\/users\/1"}],"replies":[{"embeddable":true,"href":"https:\/\/hugo-cuffaro.be\/index.php?rest_route=%2Fwp%2Fv2%2Fcomments&post=44"}],"version-history":[{"count":4,"href":"https:\/\/hugo-cuffaro.be\/index.php?rest_route=\/wp\/v2\/pages\/44\/revisions"}],"predecessor-version":[{"id":315,"href":"https:\/\/hugo-cuffaro.be\/index.php?rest_route=\/wp\/v2\/pages\/44\/revisions\/315"}],"wp:attachment":[{"href":"https:\/\/hugo-cuffaro.be\/index.php?rest_route=%2Fwp%2Fv2%2Fmedia&parent=44"}],"curies":[{"name":"wp","href":"https:\/\/api.w.org\/{rel}","templated":true}]}}