{"id":27,"date":"2023-05-29T08:31:20","date_gmt":"2023-05-29T08:31:20","guid":{"rendered":"https:\/\/hugo-cuffaro.be\/?page_id=27"},"modified":"2024-01-21T12:07:19","modified_gmt":"2024-01-21T12:07:19","slug":"accueil","status":"publish","type":"page","link":"https:\/\/hugo-cuffaro.be\/?page_id=27","title":{"rendered":"Terrassement"},"content":{"rendered":"\t\t<div data-elementor-type=\"wp-page\" data-elementor-id=\"27\" class=\"elementor elementor-27\">\n\t\t\t\t\t\t\t<div class=\"elementor-element elementor-element-123dfb8 e-flex e-con-boxed e-con e-parent\" data-id=\"123dfb8\" data-element_type=\"container\" data-settings=\"{&quot;content_width&quot;:&quot;boxed&quot;}\" data-core-v316-plus=\"true\">\n\t\t\t\t\t<div class=\"e-con-inner\">\n\t\t<div class=\"elementor-element elementor-element-4b99e3c e-con-full e-flex e-con e-child\" data-id=\"4b99e3c\" data-element_type=\"container\" data-settings=\"{&quot;content_width&quot;:&quot;full&quot;}\">\n\t\t\t\t<div class=\"elementor-element elementor-element-4e7b249 hfe-heading-align-center elementor-widget elementor-widget-hfe-site-title\" data-id=\"4e7b249\" data-element_type=\"widget\" data-settings=\"{&quot;heading_text_align&quot;:&quot;center&quot;}\" data-widget_type=\"hfe-site-title.default\">\n\t\t\t\t<div class=\"elementor-widget-container\">\n\t\t\t\n\t\t<div class=\"hfe-module-content hfe-heading-wrapper elementor-widget-heading\">\n\t\t\t\t\t\t\t<a href=\"https:\/\/hugo-cuffaro.be\">\n\t\t\t\t\t\t\t<h2 class=\"hfe-heading elementor-heading-title elementor-size-default\">\n\t\t\t\t\t\t\t\t\t<span class=\"hfe-heading-text\" >\n\t\t\t\t\tExpert en travaux de  terrassement\t\t\t\t\t\t\t\t\t\t\t\t\t\t\t<\/span>\t\t\t\n\t\t\t<\/h2>\n\t\t\t<\/a>\t\t\n\t\t<\/div>\n\t\t\t\t<\/div>\n\t\t\t\t<\/div>\n\t\t\t\t<\/div>\n\t\t\t\t\t<\/div>\n\t\t\t\t<\/div>\n\t\t<div class=\"elementor-element elementor-element-70f4805 e-flex e-con-boxed e-con e-parent\" data-id=\"70f4805\" data-element_type=\"container\" data-settings=\"{&quot;content_width&quot;:&quot;boxed&quot;}\" data-core-v316-plus=\"true\">\n\t\t\t\t\t<div class=\"e-con-inner\">\n\t\t\t\t<div class=\"elementor-element elementor-element-f3b842b elementor-widget elementor-widget-text-editor\" data-id=\"f3b842b\" data-element_type=\"widget\" data-widget_type=\"text-editor.default\">\n\t\t\t\t<div class=\"elementor-widget-container\">\n\t\t\t<style>\/*! elementor - v3.16.0 - 12-09-2023 *\/\n.elementor-widget-text-editor.elementor-drop-cap-view-stacked .elementor-drop-cap{background-color:#69727d;color:#fff}.elementor-widget-text-editor.elementor-drop-cap-view-framed .elementor-drop-cap{color:#69727d;border:3px solid;background-color:transparent}.elementor-widget-text-editor:not(.elementor-drop-cap-view-default) .elementor-drop-cap{margin-top:8px}.elementor-widget-text-editor:not(.elementor-drop-cap-view-default) .elementor-drop-cap-letter{width:1em;height:1em}.elementor-widget-text-editor .elementor-drop-cap{float:left;text-align:center;line-height:1;font-size:50px}.elementor-widget-text-editor .elementor-drop-cap-letter{display:inline-block}<\/style>\t\t\t\t<div class=\"top_pageint cont_banner\"><div class=\"wrapper_small\"><div class=\"content\"><h4 class=\"chapo animate fade_up delay-500 play\">Vous \u00eates \u00e0 la recherche d\u2019une entreprise de terrassement ? HUGO CUFFARO TERRASSEMENT r\u00e9pond \u00e0 toutes vos demandes pour vos futurs am\u00e9nagements d&rsquo;ext\u00e9rieurs. Notre entreprise vous garantira un travail de grande qualit\u00e9. Que vous soyez professionnel ou particulier n\u2019h\u00e9sitez pas \u00e0 nous contacter et obtenir un devis gratuit\u00a0!<\/h4><\/div><\/div><\/div><div class=\"wrapper\"><div class=\"bloc_grid bloc_top\"><div class=\"photo animate fade_left delay-300 play\">\u00a0<\/div><\/div><\/div>\t\t\t\t\t\t<\/div>\n\t\t\t\t<\/div>\n\t\t\t\t<div class=\"elementor-element elementor-element-09a3b7b elementor-widget elementor-widget-image\" data-id=\"09a3b7b\" data-element_type=\"widget\" data-widget_type=\"image.default\">\n\t\t\t\t<div class=\"elementor-widget-container\">\n\t\t\t<style>\/*! elementor - v3.16.0 - 12-09-2023 *\/\n.elementor-widget-image{text-align:center}.elementor-widget-image a{display:inline-block}.elementor-widget-image a img[src$=\".svg\"]{width:48px}.elementor-widget-image img{vertical-align:middle;display:inline-block}<\/style>\t\t\t\t\t\t\t\t\t\t\t\t<img loading=\"lazy\" decoding=\"async\" width=\"768\" height=\"513\" src=\"https:\/\/hugo-cuffaro.be\/wp-content\/uploads\/2023\/05\/photo-grue-768x513.jpeg\" class=\"attachment-medium_large size-medium_large wp-image-65\" alt=\"\" srcset=\"https:\/\/hugo-cuffaro.be\/wp-content\/uploads\/2023\/05\/photo-grue-768x513.jpeg 768w, https:\/\/hugo-cuffaro.be\/wp-content\/uploads\/2023\/05\/photo-grue-300x200.jpeg 300w, https:\/\/hugo-cuffaro.be\/wp-content\/uploads\/2023\/05\/photo-grue-1024x684.jpeg 1024w, https:\/\/hugo-cuffaro.be\/wp-content\/uploads\/2023\/05\/photo-grue.jpeg 1200w\" sizes=\"(max-width: 768px) 100vw, 768px\" \/>\t\t\t\t\t\t\t\t\t\t\t\t\t\t\t<\/div>\n\t\t\t\t<\/div>\n\t\t\t\t<div class=\"elementor-element elementor-element-dea74ff elementor-widget elementor-widget-heading\" data-id=\"dea74ff\" data-element_type=\"widget\" data-widget_type=\"heading.default\">\n\t\t\t\t<div class=\"elementor-widget-container\">\n\t\t\t<style>\/*! elementor - v3.16.0 - 12-09-2023 *\/\n.elementor-heading-title{padding:0;margin:0;line-height:1}.elementor-widget-heading .elementor-heading-title[class*=elementor-size-]>a{color:inherit;font-size:inherit;line-height:inherit}.elementor-widget-heading .elementor-heading-title.elementor-size-small{font-size:15px}.elementor-widget-heading .elementor-heading-title.elementor-size-medium{font-size:19px}.elementor-widget-heading .elementor-heading-title.elementor-size-large{font-size:29px}.elementor-widget-heading .elementor-heading-title.elementor-size-xl{font-size:39px}.elementor-widget-heading .elementor-heading-title.elementor-size-xxl{font-size:59px}<\/style><h2 class=\"elementor-heading-title elementor-size-default\">Votre terrassement de A \u00e0 Z<\/h2>\t\t<\/div>\n\t\t\t\t<\/div>\n\t\t\t\t<div class=\"elementor-element elementor-element-a712ac1 elementor-widget elementor-widget-text-editor\" data-id=\"a712ac1\" data-element_type=\"widget\" data-widget_type=\"text-editor.default\">\n\t\t\t\t<div class=\"elementor-widget-container\">\n\t\t\t\t\t\t\t<h4>\u00c9quip\u00e9e des machines et du mat\u00e9riel ad\u00e9quat pour tout vos travaux en terrassement, notre \u00e9quipe intervient lors de l\u2019\u00e9tape du gros \u0153uvre et assure de nombreux t\u00e2ches :<\/h4><ul><li><h4>fondations<\/h4><\/li><li><h4>enl\u00e8vement de terres<\/h4><\/li><li><h4>d\u00e9molitions de b\u00e2timents<\/h4><\/li><li><h4>nivellement de sol<\/h4><\/li><li><h4>drainage<\/h4><\/li><li><h4>chape<\/h4><\/li><li><h4>&#8230;<\/h4><\/li><\/ul>\t\t\t\t\t\t<\/div>\n\t\t\t\t<\/div>\n\t\t\t\t<div class=\"elementor-element elementor-element-8289258 elementor-align-center elementor-button-info elementor-widget elementor-widget-button\" data-id=\"8289258\" data-element_type=\"widget\" data-widget_type=\"button.default\">\n\t\t\t\t<div class=\"elementor-widget-container\">\n\t\t\t\t\t<div class=\"elementor-button-wrapper\">\n\t\t\t<a class=\"elementor-button elementor-button-link elementor-size-md\" href=\"https:\/\/hugo-cuffaro.be\/?page_id=46\">\n\t\t\t\t\t\t<span class=\"elementor-button-content-wrapper\">\n\t\t\t\t\t\t<span class=\"elementor-button-text\">Je demande un devis<\/span>\n\t\t<\/span>\n\t\t\t\t\t<\/a>\n\t\t<\/div>\n\t\t\t\t<\/div>\n\t\t\t\t<\/div>\n\t\t\t\t\t<\/div>\n\t\t\t\t<\/div>\n\t\t<div class=\"elementor-element elementor-element-d41bd22 e-flex e-con-boxed e-con e-parent\" data-id=\"d41bd22\" data-element_type=\"container\" data-settings=\"{&quot;content_width&quot;:&quot;boxed&quot;}\" data-core-v316-plus=\"true\">\n\t\t\t\t\t<div class=\"e-con-inner\">\n\t\t\t\t\t<\/div>\n\t\t\t\t<\/div>\n\t\t<div class=\"elementor-element elementor-element-7db3f5d e-flex e-con-boxed e-con e-parent\" data-id=\"7db3f5d\" data-element_type=\"container\" data-settings=\"{&quot;content_width&quot;:&quot;boxed&quot;}\" data-core-v316-plus=\"true\">\n\t\t\t\t\t<div class=\"e-con-inner\">\n\t\t<div class=\"elementor-element elementor-element-5342574 e-flex e-con-boxed e-con e-child\" data-id=\"5342574\" data-element_type=\"container\" data-settings=\"{&quot;content_width&quot;:&quot;boxed&quot;}\">\n\t\t\t\t\t<div class=\"e-con-inner\">\n\t\t\t\t\t<\/div>\n\t\t\t\t<\/div>\n\t\t\t\t\t<\/div>\n\t\t\t\t<\/div>\n\t\t<div class=\"elementor-element elementor-element-00a0ce7 e-flex e-con-boxed e-con e-parent\" data-id=\"00a0ce7\" data-element_type=\"container\" data-settings=\"{&quot;content_width&quot;:&quot;boxed&quot;}\" data-core-v316-plus=\"true\">\n\t\t\t\t\t<div class=\"e-con-inner\">\n\t\t\t\t\t<\/div>\n\t\t\t\t<\/div>\n\t\t\t\t\t\t\t<\/div>\n\t\t","protected":false},"excerpt":{"rendered":"<p>Expert en travaux de terrassement Vous \u00eates \u00e0 la recherche d\u2019une entreprise de terrassement ? HUGO CUFFARO TERRASSEMENT r\u00e9pond \u00e0 toutes vos demandes pour vos futurs am\u00e9nagements d&rsquo;ext\u00e9rieurs. Notre entreprise vous garantira un travail de grande qualit\u00e9. Que vous soyez professionnel ou particulier n\u2019h\u00e9sitez pas \u00e0 nous contacter et obtenir un devis gratuit\u00a0! \u00a0 Votre&hellip; <br \/> <a class=\"read-more\" href=\"https:\/\/hugo-cuffaro.be\/?page_id=27\">Read more<\/a><\/p>\n","protected":false},"author":1,"featured_media":0,"parent":0,"menu_order":0,"comment_status":"closed","ping_status":"closed","template":"","meta":{"footnotes":""},"_links":{"self":[{"href":"https:\/\/hugo-cuffaro.be\/index.php?rest_route=\/wp\/v2\/pages\/27"}],"collection":[{"href":"https:\/\/hugo-cuffaro.be\/index.php?rest_route=\/wp\/v2\/pages"}],"about":[{"href":"https:\/\/hugo-cuffaro.be\/index.php?rest_route=\/wp\/v2\/types\/page"}],"author":[{"embeddable":true,"href":"https:\/\/hugo-cuffaro.be\/index.php?rest_route=\/wp\/v2\/users\/1"}],"replies":[{"embeddable":true,"href":"https:\/\/hugo-cuffaro.be\/index.php?rest_route=%2Fwp%2Fv2%2Fcomments&post=27"}],"version-history":[{"count":29,"href":"https:\/\/hugo-cuffaro.be\/index.php?rest_route=\/wp\/v2\/pages\/27\/revisions"}],"predecessor-version":[{"id":335,"href":"https:\/\/hugo-cuffaro.be\/index.php?rest_route=\/wp\/v2\/pages\/27\/revisions\/335"}],"wp:attachment":[{"href":"https:\/\/hugo-cuffaro.be\/index.php?rest_route=%2Fwp%2Fv2%2Fmedia&parent=27"}],"curies":[{"name":"wp","href":"https:\/\/api.w.org\/{rel}","templated":true}]}}